{"id":11,"date":"2019-07-16T23:25:36","date_gmt":"2019-07-16T21:25:36","guid":{"rendered":"http:\/\/letibri.com\/?page_id=11"},"modified":"2019-12-13T15:46:02","modified_gmt":"2019-12-13T14:46:02","slug":"calendrier-google-agenda","status":"publish","type":"page","link":"https:\/\/letibri.com\/","title":{"rendered":"Calendrier du chalet"},"content":{"rendered":"\n<p>\n\nVeuillez vous connecter pour consulter ce contenu.\n\n<\/p>\n\n\n\n\n\n\n\n\n","protected":false},"excerpt":{"rendered":"<p>Veuillez vous connecter pour consulter ce contenu.<\/p>\n","protected":false},"author":1,"featured_media":0,"parent":0,"menu_order":0,"comment_status":"closed","ping_status":"closed","template":"","meta":{"_editorskit_title_hidden":false,"_editorskit_reading_time":1,"_editorskit_is_block_options_detached":false,"_editorskit_block_options_position":"{}","advgb_blocks_editor_width":"","advgb_blocks_columns_visual_guide":"","footnotes":""},"class_list":["post-11","page","type-page","status-publish","hentry"],"coauthors":[],"author_meta":{"author_link":"https:\/\/letibri.com\/index.php\/author\/admin8803\/","display_name":"admin8803"},"relative_dates":{"created":"Publi\u00e9 7 ans il y a","modified":"Mis \u00e0 jour 6 ans il y a"},"absolute_dates":{"created":"Publi\u00e9 le 16 juillet 2019","modified":"Mise \u00e0 jour le 13 d\u00e9cembre 2019"},"absolute_dates_time":{"created":"Publi\u00e9 le 16 juillet 2019 23 h 25 min","modified":"Mise \u00e0 jour le 13 d\u00e9cembre 2019 15 h 46 min"},"featured_img_caption":"","featured_img":false,"series_order":"","_links":{"self":[{"href":"https:\/\/letibri.com\/index.php\/wp-json\/wp\/v2\/pages\/11","targetHints":{"allow":["GET"]}}],"collection":[{"href":"https:\/\/letibri.com\/index.php\/wp-json\/wp\/v2\/pages"}],"about":[{"href":"https:\/\/letibri.com\/index.php\/wp-json\/wp\/v2\/types\/page"}],"author":[{"embeddable":true,"href":"https:\/\/letibri.com\/index.php\/wp-json\/wp\/v2\/users\/1"}],"replies":[{"embeddable":true,"href":"https:\/\/letibri.com\/index.php\/wp-json\/wp\/v2\/comments?post=11"}],"version-history":[{"count":98,"href":"https:\/\/letibri.com\/index.php\/wp-json\/wp\/v2\/pages\/11\/revisions"}],"predecessor-version":[{"id":793,"href":"https:\/\/letibri.com\/index.php\/wp-json\/wp\/v2\/pages\/11\/revisions\/793"}],"wp:attachment":[{"href":"https:\/\/letibri.com\/index.php\/wp-json\/wp\/v2\/media?parent=11"}],"curies":[{"name":"wp","href":"https:\/\/api.w.org\/{rel}","templated":true}]}}